{"id":614,"date":"2019-08-06T11:41:08","date_gmt":"2019-08-06T09:41:08","guid":{"rendered":"http:\/\/csgrandvire.fr\/?page_id=614"},"modified":"2023-04-18T15:35:14","modified_gmt":"2023-04-18T13:35:14","slug":"eveil-et-decouverte-en-famille","status":"publish","type":"page","link":"http:\/\/www.csgrandvire.fr\/index.php\/eveil-et-decouverte-en-famille\/","title":{"rendered":"\u00c9veil et d\u00e9couverte en famille"},"content":{"rendered":"\n<figure class=\"wp-block-image is-resized\"><img loading=\"lazy\" decoding=\"async\" src=\"http:\/\/csgrandvire.fr\/wp-content\/uploads\/2019\/08\/eveil-1024x768.jpg\" alt=\"\" class=\"wp-image-754\" width=\"239\" height=\"179\" srcset=\"http:\/\/www.csgrandvire.fr\/wp-content\/uploads\/2019\/08\/eveil-1024x768.jpg 1024w, http:\/\/www.csgrandvire.fr\/wp-content\/uploads\/2019\/08\/eveil-300x225.jpg 300w, http:\/\/www.csgrandvire.fr\/wp-content\/uploads\/2019\/08\/eveil-768x576.jpg 768w, http:\/\/www.csgrandvire.fr\/wp-content\/uploads\/2019\/08\/eveil-678x509.jpg 678w, http:\/\/www.csgrandvire.fr\/wp-content\/uploads\/2019\/08\/eveil-326x245.jpg 326w, http:\/\/www.csgrandvire.fr\/wp-content\/uploads\/2019\/08\/eveil-80x60.jpg 80w\" sizes=\"auto, (max-width: 239px) 100vw, 239px\" \/><\/figure>\n\n\n\n<p>Le p\u00f4le Adultes\/Famille et l\u2019EAJE proposent aux parents de partager un moment de complicit\u00e9 avec leurs enfants en bas \u00e2ges (moins de 6 ans). <\/p>\n\n\n\n<p>Tous les 2eme mercredis de chaque mois.<\/p>\n\n\n\n<p>Ces ateliers sont aussi l\u2019occasion de se rencontrer, d\u2019\u00e9changer, de s\u2019initier \u00e0 une activit\u00e9 ludique ou sportive et de d\u00e9couvrir des lieux de proximit\u00e9.<\/p>\n\n\n\n<p> Pour plus d\u2019information, n\u2019h\u00e9sitez pas \u00e0\u00a0<a href=\"http:\/\/csgrandvire.fr\/index.php\/contactez-nous\/\">nous contacter<\/a><\/p>\n","protected":false},"excerpt":{"rendered":"<div class=\"mh-excerpt\"><p>Le p\u00f4le Adultes\/Famille et l\u2019EAJE proposent aux parents de partager un moment de complicit\u00e9 avec leurs enfants en bas \u00e2ges (moins de 6 ans). Tous <a class=\"mh-excerpt-more\" href=\"http:\/\/www.csgrandvire.fr\/index.php\/eveil-et-decouverte-en-famille\/\" title=\"\u00c9veil et d\u00e9couverte en famille\">[&#8230;]<\/a><\/p>\n<\/div>","protected":false},"author":1,"featured_media":0,"parent":0,"menu_order":0,"comment_status":"closed","ping_status":"closed","template":"","meta":{"sfsi_plus_gutenberg_text_before_share":"","sfsi_plus_gutenberg_show_text_before_share":"","sfsi_plus_gutenberg_icon_type":"","sfsi_plus_gutenberg_icon_alignemt":"","sfsi_plus_gutenburg_max_per_row":"","_exactmetrics_skip_tracking":false,"_exactmetrics_sitenote_active":false,"_exactmetrics_sitenote_note":"","_exactmetrics_sitenote_category":0,"footnotes":""},"class_list":["post-614","page","type-page","status-publish","hentry"],"_links":{"self":[{"href":"http:\/\/www.csgrandvire.fr\/index.php\/wp-json\/wp\/v2\/pages\/614","targetHints":{"allow":["GET"]}}],"collection":[{"href":"http:\/\/www.csgrandvire.fr\/index.php\/wp-json\/wp\/v2\/pages"}],"about":[{"href":"http:\/\/www.csgrandvire.fr\/index.php\/wp-json\/wp\/v2\/types\/page"}],"author":[{"embeddable":true,"href":"http:\/\/www.csgrandvire.fr\/index.php\/wp-json\/wp\/v2\/users\/1"}],"replies":[{"embeddable":true,"href":"http:\/\/www.csgrandvire.fr\/index.php\/wp-json\/wp\/v2\/comments?post=614"}],"version-history":[{"count":9,"href":"http:\/\/www.csgrandvire.fr\/index.php\/wp-json\/wp\/v2\/pages\/614\/revisions"}],"predecessor-version":[{"id":2694,"href":"http:\/\/www.csgrandvire.fr\/index.php\/wp-json\/wp\/v2\/pages\/614\/revisions\/2694"}],"wp:attachment":[{"href":"http:\/\/www.csgrandvire.fr\/index.php\/wp-json\/wp\/v2\/media?parent=614"}],"curies":[{"name":"wp","href":"https:\/\/api.w.org\/{rel}","templated":true}]}}