{"id":602,"date":"2019-08-06T11:38:39","date_gmt":"2019-08-06T09:38:39","guid":{"rendered":"http:\/\/csgrandvire.fr\/?page_id=602"},"modified":"2023-04-18T15:28:45","modified_gmt":"2023-04-18T13:28:45","slug":"aide-au-depart-en-vacances","status":"publish","type":"page","link":"http:\/\/www.csgrandvire.fr\/index.php\/aide-au-depart-en-vacances\/","title":{"rendered":"Aide au d\u00e9part en vacances"},"content":{"rendered":"\n<figure class=\"wp-block-image is-resized\"><img loading=\"lazy\" decoding=\"async\" src=\"http:\/\/csgrandvire.fr\/wp-content\/uploads\/2019\/08\/7793895694_comment-bien-decrocher-pendant-les-vacances.jpg\" alt=\"\" class=\"wp-image-702\" width=\"318\" height=\"166\" srcset=\"http:\/\/www.csgrandvire.fr\/wp-content\/uploads\/2019\/08\/7793895694_comment-bien-decrocher-pendant-les-vacances.jpg 880w, http:\/\/www.csgrandvire.fr\/wp-content\/uploads\/2019\/08\/7793895694_comment-bien-decrocher-pendant-les-vacances-300x158.jpg 300w, http:\/\/www.csgrandvire.fr\/wp-content\/uploads\/2019\/08\/7793895694_comment-bien-decrocher-pendant-les-vacances-768x403.jpg 768w\" sizes=\"auto, (max-width: 318px) 100vw, 318px\" \/><\/figure>\n\n\n\n<p>Nous pouvons vous aider \u00e0 construire votre projet de d\u00e9part en vacances en vous accompagnant dans vos d\u00e9marches (recherche du lieu de vacances, h\u00e9bergement, montage financier,\u2026) pour les familles b\u00e9n\u00e9ficiaires d&rsquo;une aide au temps libre de la CAF (VACAF).<\/p>\n\n\n\n<p>Accompagnement tripartite avec le Centre Social, la Maison De la M\u00e9tropole de secteur et l\u2019antenne CAF sous condition de b\u00e9n\u00e9ficier de l&rsquo;aide AVS (Aide aux Vacances Sociales)<\/p>\n\n\n\n<p>Pour plus d\u2019information, n\u2019h\u00e9sitez pas \u00e0&nbsp;<a href=\"http:\/\/csgrandvire.fr\/index.php\/contactez-nous\/\">nous contacter<\/a><\/p>\n","protected":false},"excerpt":{"rendered":"<div class=\"mh-excerpt\"><p>Nous pouvons vous aider \u00e0 construire votre projet de d\u00e9part en vacances en vous accompagnant dans vos d\u00e9marches (recherche du lieu de vacances, h\u00e9bergement, montage <a class=\"mh-excerpt-more\" href=\"http:\/\/www.csgrandvire.fr\/index.php\/aide-au-depart-en-vacances\/\" title=\"Aide au d\u00e9part en vacances\">[&#8230;]<\/a><\/p>\n<\/div>","protected":false},"author":1,"featured_media":0,"parent":0,"menu_order":0,"comment_status":"closed","ping_status":"closed","template":"","meta":{"sfsi_plus_gutenberg_text_before_share":"","sfsi_plus_gutenberg_show_text_before_share":"","sfsi_plus_gutenberg_icon_type":"","sfsi_plus_gutenberg_icon_alignemt":"","sfsi_plus_gutenburg_max_per_row":"","_exactmetrics_skip_tracking":false,"_exactmetrics_sitenote_active":false,"_exactmetrics_sitenote_note":"","_exactmetrics_sitenote_category":0,"footnotes":""},"class_list":["post-602","page","type-page","status-publish","hentry"],"_links":{"self":[{"href":"http:\/\/www.csgrandvire.fr\/index.php\/wp-json\/wp\/v2\/pages\/602","targetHints":{"allow":["GET"]}}],"collection":[{"href":"http:\/\/www.csgrandvire.fr\/index.php\/wp-json\/wp\/v2\/pages"}],"about":[{"href":"http:\/\/www.csgrandvire.fr\/index.php\/wp-json\/wp\/v2\/types\/page"}],"author":[{"embeddable":true,"href":"http:\/\/www.csgrandvire.fr\/index.php\/wp-json\/wp\/v2\/users\/1"}],"replies":[{"embeddable":true,"href":"http:\/\/www.csgrandvire.fr\/index.php\/wp-json\/wp\/v2\/comments?post=602"}],"version-history":[{"count":8,"href":"http:\/\/www.csgrandvire.fr\/index.php\/wp-json\/wp\/v2\/pages\/602\/revisions"}],"predecessor-version":[{"id":2691,"href":"http:\/\/www.csgrandvire.fr\/index.php\/wp-json\/wp\/v2\/pages\/602\/revisions\/2691"}],"wp:attachment":[{"href":"http:\/\/www.csgrandvire.fr\/index.php\/wp-json\/wp\/v2\/media?parent=602"}],"curies":[{"name":"wp","href":"https:\/\/api.w.org\/{rel}","templated":true}]}}