{"id":278,"date":"2019-05-30T22:20:21","date_gmt":"2019-05-30T20:20:21","guid":{"rendered":"http:\/\/csgrandvire.fr\/wordpress\/?page_id=278"},"modified":"2020-07-29T16:23:35","modified_gmt":"2020-07-29T14:23:35","slug":"accueil-de-loisirs-3-11-ans","status":"publish","type":"page","link":"http:\/\/www.csgrandvire.fr\/index.php\/accueil-de-loisirs-3-11-ans\/","title":{"rendered":"Enfance"},"content":{"rendered":"\n<div class=\"wp-block-image\"><figure class=\"aligncenter size-large is-resized\"><img loading=\"lazy\" decoding=\"async\" src=\"http:\/\/csgrandvire.fr\/wp-content\/uploads\/2020\/07\/images-enfance-jeunesse4-1024x768.jpg\" alt=\"\" class=\"wp-image-1551\" width=\"345\" height=\"259\" srcset=\"http:\/\/www.csgrandvire.fr\/wp-content\/uploads\/2020\/07\/images-enfance-jeunesse4-1024x768.jpg 1024w, http:\/\/www.csgrandvire.fr\/wp-content\/uploads\/2020\/07\/images-enfance-jeunesse4-300x225.jpg 300w, http:\/\/www.csgrandvire.fr\/wp-content\/uploads\/2020\/07\/images-enfance-jeunesse4-768x576.jpg 768w, http:\/\/www.csgrandvire.fr\/wp-content\/uploads\/2020\/07\/images-enfance-jeunesse4-1536x1152.jpg 1536w, http:\/\/www.csgrandvire.fr\/wp-content\/uploads\/2020\/07\/images-enfance-jeunesse4-678x509.jpg 678w, http:\/\/www.csgrandvire.fr\/wp-content\/uploads\/2020\/07\/images-enfance-jeunesse4-326x245.jpg 326w, http:\/\/www.csgrandvire.fr\/wp-content\/uploads\/2020\/07\/images-enfance-jeunesse4-80x60.jpg 80w, http:\/\/www.csgrandvire.fr\/wp-content\/uploads\/2020\/07\/images-enfance-jeunesse4.jpg 2016w\" sizes=\"auto, (max-width: 345px) 100vw, 345px\" \/><\/figure><\/div>\n\n\n\n<p>L\u2019enfance c\u2019est :<\/p>\n\n\n\n<ul class=\"wp-block-list\"><li>Des activit\u00e9s manuelles, \u00e9ducatives, sportives, culturelles en lien avec un projet d\u2019animation \u00e9labor\u00e9 avec les enfants et les animateurs, des activit\u00e9s d\u00e9couvertes, des sorties, des exp\u00e9rimentations.<\/li><li>Des actions p\u00e9riscolaires d\u2019initiation, de d\u00e9couverte sur des ateliers encadr\u00e9s par des intervenants techniques.<\/li><li>Des projets d\u2019animation en partenariat avec diff\u00e9rents acteurs du territoire vaudais.<\/li><\/ul>\n\n\n\n<p>Pour toute inscription, il faut fournir :<\/p>\n\n\n\n<ul class=\"wp-block-list\"><li>Attestation CAF (quotient familial) ou dernier avis d\u2019imposition<\/li><li>Photocopie du carnet de vaccinations<\/li><li>Attestation employeur<\/li><li>Mode de r\u00e8glement (ch\u00e8que, esp\u00e8ces, ch\u00e8ques vacances ou ch\u00e8ques CESU) le jour de l\u2019inscription.<\/li><\/ul>\n\n\n\n<p>Pour plus d\u2019information, n\u2019h\u00e9sitez pas \u00e0&nbsp;<a href=\"http:\/\/csgrandvire.fr\/index.php\/contactez-nous\/\">nous contacter<\/a><\/p>\n","protected":false},"excerpt":{"rendered":"<div class=\"mh-excerpt\"><p>L\u2019enfance c\u2019est : Des activit\u00e9s manuelles, \u00e9ducatives, sportives, culturelles en lien avec un projet d\u2019animation \u00e9labor\u00e9 avec les enfants et les animateurs, des activit\u00e9s d\u00e9couvertes, <a class=\"mh-excerpt-more\" href=\"http:\/\/www.csgrandvire.fr\/index.php\/accueil-de-loisirs-3-11-ans\/\" title=\"Enfance\">[&#8230;]<\/a><\/p>\n<\/div>","protected":false},"author":1,"featured_media":0,"parent":0,"menu_order":0,"comment_status":"closed","ping_status":"closed","template":"","meta":{"sfsi_plus_gutenberg_text_before_share":"","sfsi_plus_gutenberg_show_text_before_share":"","sfsi_plus_gutenberg_icon_type":"","sfsi_plus_gutenberg_icon_alignemt":"","sfsi_plus_gutenburg_max_per_row":"","_exactmetrics_skip_tracking":false,"_exactmetrics_sitenote_active":false,"_exactmetrics_sitenote_note":"","_exactmetrics_sitenote_category":0,"footnotes":""},"class_list":["post-278","page","type-page","status-publish","hentry"],"_links":{"self":[{"href":"http:\/\/www.csgrandvire.fr\/index.php\/wp-json\/wp\/v2\/pages\/278","targetHints":{"allow":["GET"]}}],"collection":[{"href":"http:\/\/www.csgrandvire.fr\/index.php\/wp-json\/wp\/v2\/pages"}],"about":[{"href":"http:\/\/www.csgrandvire.fr\/index.php\/wp-json\/wp\/v2\/types\/page"}],"author":[{"embeddable":true,"href":"http:\/\/www.csgrandvire.fr\/index.php\/wp-json\/wp\/v2\/users\/1"}],"replies":[{"embeddable":true,"href":"http:\/\/www.csgrandvire.fr\/index.php\/wp-json\/wp\/v2\/comments?post=278"}],"version-history":[{"count":16,"href":"http:\/\/www.csgrandvire.fr\/index.php\/wp-json\/wp\/v2\/pages\/278\/revisions"}],"predecessor-version":[{"id":1613,"href":"http:\/\/www.csgrandvire.fr\/index.php\/wp-json\/wp\/v2\/pages\/278\/revisions\/1613"}],"wp:attachment":[{"href":"http:\/\/www.csgrandvire.fr\/index.php\/wp-json\/wp\/v2\/media?parent=278"}],"curies":[{"name":"wp","href":"https:\/\/api.w.org\/{rel}","templated":true}]}}