{"id":270,"date":"2019-05-30T19:18:15","date_gmt":"2019-05-30T17:18:15","guid":{"rendered":"http:\/\/csgrandvire.fr\/wordpress\/?page_id=270"},"modified":"2022-04-27T15:00:20","modified_gmt":"2022-04-27T13:00:20","slug":"les-benevoles","status":"publish","type":"page","link":"http:\/\/www.csgrandvire.fr\/index.php\/les-benevoles\/","title":{"rendered":"Les B\u00e9n\u00e9voles"},"content":{"rendered":"\n<p>Notre projet ne pourrait \u00eatre r\u00e9alis\u00e9 sans la pr\u00e9sence r\u00e9guli\u00e8re des b\u00e9n\u00e9voles pour animer certaines activit\u00e9s :<\/p>\n\n\n\n<p>Elodie, Ecrivain Public<br>Les \u00e9tudiants de l&rsquo;ENTPE pour l&rsquo;accompagnement \u00e0 la scolarit\u00e9<\/p>\n\n\n\n<p><strong>DEVENIR B\u00c9N\u00c9VOLE AU CENTRE SOCIAL LE GRAND VIRE\u2026<\/strong><\/p>\n\n\n\n<ul class=\"wp-block-list\"><li>Pour aider ou animer une activit\u00e9. Par exemple : accompagnement scolaire, ateliers sociolinguistiques, permanence \u00e9crivain public\u2026<\/li><li>&nbsp;Pour participer \u00e0 un groupe de travail r\u00e9gulier. Par exemple : en int\u00e9grant la commission famille pour l\u2019organisation des sorties familiales ou la commission parents de l\u2019EAJE ou encore en int\u00e9grant le collectif partenarial \u00ab&nbsp;Esprit de Famille&nbsp;\u00bb &#8230;<\/li><li>Pour participer \u00e0 la gouvernance de l\u2019association et prendre part aux d\u00e9cisions en int\u00e9grant le conseil d\u2019administration (apr\u00e8s \u00e9lection par l\u2019assembl\u00e9e g\u00e9n\u00e9rale)<\/li><\/ul>\n\n\n\n<p>&nbsp;Le centre social c\u2019est vous ! Pour prendre part \u00e0 cette aventure, <a href=\"http:\/\/csgrandvire.fr\/index.php\/contactez-nous\/\">contactez-nous<\/a>.<\/p>\n\n\n<p><!--EndFragment--><\/p>","protected":false},"excerpt":{"rendered":"<div class=\"mh-excerpt\"><p>Notre projet ne pourrait \u00eatre r\u00e9alis\u00e9 sans la pr\u00e9sence r\u00e9guli\u00e8re des b\u00e9n\u00e9voles pour animer certaines activit\u00e9s : Elodie, Ecrivain PublicLes \u00e9tudiants de l&rsquo;ENTPE pour l&rsquo;accompagnement <a class=\"mh-excerpt-more\" href=\"http:\/\/www.csgrandvire.fr\/index.php\/les-benevoles\/\" title=\"Les B\u00e9n\u00e9voles\">[&#8230;]<\/a><\/p>\n<\/div>","protected":false},"author":1,"featured_media":0,"parent":0,"menu_order":0,"comment_status":"closed","ping_status":"closed","template":"","meta":{"sfsi_plus_gutenberg_text_before_share":"","sfsi_plus_gutenberg_show_text_before_share":"","sfsi_plus_gutenberg_icon_type":"","sfsi_plus_gutenberg_icon_alignemt":"","sfsi_plus_gutenburg_max_per_row":"","_exactmetrics_skip_tracking":false,"_exactmetrics_sitenote_active":false,"_exactmetrics_sitenote_note":"","_exactmetrics_sitenote_category":0,"footnotes":""},"class_list":["post-270","page","type-page","status-publish","hentry"],"_links":{"self":[{"href":"http:\/\/www.csgrandvire.fr\/index.php\/wp-json\/wp\/v2\/pages\/270","targetHints":{"allow":["GET"]}}],"collection":[{"href":"http:\/\/www.csgrandvire.fr\/index.php\/wp-json\/wp\/v2\/pages"}],"about":[{"href":"http:\/\/www.csgrandvire.fr\/index.php\/wp-json\/wp\/v2\/types\/page"}],"author":[{"embeddable":true,"href":"http:\/\/www.csgrandvire.fr\/index.php\/wp-json\/wp\/v2\/users\/1"}],"replies":[{"embeddable":true,"href":"http:\/\/www.csgrandvire.fr\/index.php\/wp-json\/wp\/v2\/comments?post=270"}],"version-history":[{"count":5,"href":"http:\/\/www.csgrandvire.fr\/index.php\/wp-json\/wp\/v2\/pages\/270\/revisions"}],"predecessor-version":[{"id":2436,"href":"http:\/\/www.csgrandvire.fr\/index.php\/wp-json\/wp\/v2\/pages\/270\/revisions\/2436"}],"wp:attachment":[{"href":"http:\/\/www.csgrandvire.fr\/index.php\/wp-json\/wp\/v2\/media?parent=270"}],"curies":[{"name":"wp","href":"https:\/\/api.w.org\/{rel}","templated":true}]}}