{"id":255,"date":"2019-05-30T16:18:00","date_gmt":"2019-05-30T14:18:00","guid":{"rendered":"http:\/\/csgrandvire.fr\/wordpress\/?page_id=255"},"modified":"2022-08-03T14:46:44","modified_gmt":"2022-08-03T12:46:44","slug":"teste","status":"publish","type":"page","link":"http:\/\/www.csgrandvire.fr\/index.php\/teste\/","title":{"rendered":"Petite Enfance"},"content":{"rendered":"<div class=\"wp-block-image\">\n<figure class=\"aligncenter size-large is-resized\"><img loading=\"lazy\" decoding=\"async\" src=\"http:\/\/csgrandvire.fr\/wp-content\/uploads\/2020\/07\/image-petite-enfance-1-1024x768.png\" alt=\"\" class=\"wp-image-1542\" width=\"355\" height=\"266\" srcset=\"http:\/\/www.csgrandvire.fr\/wp-content\/uploads\/2020\/07\/image-petite-enfance-1-1024x768.png 1024w, http:\/\/www.csgrandvire.fr\/wp-content\/uploads\/2020\/07\/image-petite-enfance-1-300x225.png 300w, http:\/\/www.csgrandvire.fr\/wp-content\/uploads\/2020\/07\/image-petite-enfance-1-768x576.png 768w, http:\/\/www.csgrandvire.fr\/wp-content\/uploads\/2020\/07\/image-petite-enfance-1-678x509.png 678w, http:\/\/www.csgrandvire.fr\/wp-content\/uploads\/2020\/07\/image-petite-enfance-1-326x245.png 326w, http:\/\/www.csgrandvire.fr\/wp-content\/uploads\/2020\/07\/image-petite-enfance-1-80x60.png 80w, http:\/\/www.csgrandvire.fr\/wp-content\/uploads\/2020\/07\/image-petite-enfance-1.png 1185w\" sizes=\"auto, (max-width: 355px) 100vw, 355px\" \/><\/figure>\n<\/div>\n\n\n<p>L&rsquo;\u00c9tablissement d\u2019Accueil du Jeune Enfant Couleur Grenadine est lieu de collectivit\u00e9 priorisant l&rsquo;\u00e9veil, l\u2019apprentissage et les d\u00e9couvertes. L&rsquo;ensemble de l&rsquo;\u00e9quipe accueille l&rsquo;enfant et sa famille dans ce lieu de socialisation tout en respectant les rythmes et les besoins de chacun.<\/p>\n\n\n\n<p>L&rsquo;\u00e9quipe de professionnelles accueille 24 enfants, de 7h30 \u00e0 18h du lundi au vendredi, avec une fermeture annuelle de 4 semaines en ao\u00fbt et 1 semaine sur la p\u00e9riode des vacances de fin d&rsquo;ann\u00e9e.<\/p>\n\n\n\n<p>L\u2019accueil peut \u00eatre:<\/p>\n\n\n\n<ul class=\"wp-block-list\"><li><strong>R\u00e9gulier <\/strong>: plus de 15 heures par semaine, s\u2019adresser \u00e0 la mairie.<\/li><li><strong>Occasionnel <\/strong>: 2 demi-journ\u00e9es ou une journ\u00e9e compl\u00e8te par semaine, inscriptions d\u00e9but juillet, s&rsquo;adresser \u00e0 l&rsquo;accueil du Centre Social<\/li><\/ul>\n\n\n\n<p><a href=\"https:\/\/mon-enfant.fr\/simuler-le-cout-en-creche\">La prestation de service unique est appliqu\u00e9e avec un tarif horaire calcul\u00e9 en fonction du revenu<\/a><\/p>\n\n\n\n<p>Pour plus d\u2019information, n\u2019h\u00e9sitez pas \u00e0&nbsp;<a href=\"http:\/\/csgrandvire.fr\/index.php\/contactez-nous\/\">nous contacter<\/a><\/p>\n","protected":false},"excerpt":{"rendered":"<div class=\"mh-excerpt\"><p>L&rsquo;\u00c9tablissement d\u2019Accueil du Jeune Enfant Couleur Grenadine est lieu de collectivit\u00e9 priorisant l&rsquo;\u00e9veil, l\u2019apprentissage et les d\u00e9couvertes. L&rsquo;ensemble de l&rsquo;\u00e9quipe accueille l&rsquo;enfant et sa famille <a class=\"mh-excerpt-more\" href=\"http:\/\/www.csgrandvire.fr\/index.php\/teste\/\" title=\"Petite Enfance\">[&#8230;]<\/a><\/p>\n<\/div>","protected":false},"author":1,"featured_media":0,"parent":0,"menu_order":0,"comment_status":"closed","ping_status":"closed","template":"","meta":{"sfsi_plus_gutenberg_text_before_share":"","sfsi_plus_gutenberg_show_text_before_share":"","sfsi_plus_gutenberg_icon_type":"","sfsi_plus_gutenberg_icon_alignemt":"","sfsi_plus_gutenburg_max_per_row":"","_exactmetrics_skip_tracking":false,"_exactmetrics_sitenote_active":false,"_exactmetrics_sitenote_note":"","_exactmetrics_sitenote_category":0,"footnotes":""},"class_list":["post-255","page","type-page","status-publish","hentry"],"_links":{"self":[{"href":"http:\/\/www.csgrandvire.fr\/index.php\/wp-json\/wp\/v2\/pages\/255","targetHints":{"allow":["GET"]}}],"collection":[{"href":"http:\/\/www.csgrandvire.fr\/index.php\/wp-json\/wp\/v2\/pages"}],"about":[{"href":"http:\/\/www.csgrandvire.fr\/index.php\/wp-json\/wp\/v2\/types\/page"}],"author":[{"embeddable":true,"href":"http:\/\/www.csgrandvire.fr\/index.php\/wp-json\/wp\/v2\/users\/1"}],"replies":[{"embeddable":true,"href":"http:\/\/www.csgrandvire.fr\/index.php\/wp-json\/wp\/v2\/comments?post=255"}],"version-history":[{"count":18,"href":"http:\/\/www.csgrandvire.fr\/index.php\/wp-json\/wp\/v2\/pages\/255\/revisions"}],"predecessor-version":[{"id":2547,"href":"http:\/\/www.csgrandvire.fr\/index.php\/wp-json\/wp\/v2\/pages\/255\/revisions\/2547"}],"wp:attachment":[{"href":"http:\/\/www.csgrandvire.fr\/index.php\/wp-json\/wp\/v2\/media?parent=255"}],"curies":[{"name":"wp","href":"https:\/\/api.w.org\/{rel}","templated":true}]}}