{"id":193,"date":"2019-05-24T10:20:12","date_gmt":"2019-05-24T08:20:12","guid":{"rendered":"http:\/\/csgrandvire.fr\/wordpress\/?page_id=193"},"modified":"2020-07-29T17:08:42","modified_gmt":"2020-07-29T15:08:42","slug":"activites","status":"publish","type":"page","link":"http:\/\/www.csgrandvire.fr\/index.php\/activites\/","title":{"rendered":"Adultes et Familles"},"content":{"rendered":"\n<div class=\"wp-block-image\"><figure class=\"aligncenter size-large is-resized\"><img loading=\"lazy\" decoding=\"async\" src=\"http:\/\/csgrandvire.fr\/wp-content\/uploads\/2020\/07\/83930262_1097123343970835_8654202691615981568_o-1-1024x768.jpg\" alt=\"\" class=\"wp-image-1631\" width=\"340\" height=\"255\" srcset=\"http:\/\/www.csgrandvire.fr\/wp-content\/uploads\/2020\/07\/83930262_1097123343970835_8654202691615981568_o-1-1024x768.jpg 1024w, http:\/\/www.csgrandvire.fr\/wp-content\/uploads\/2020\/07\/83930262_1097123343970835_8654202691615981568_o-1-300x225.jpg 300w, http:\/\/www.csgrandvire.fr\/wp-content\/uploads\/2020\/07\/83930262_1097123343970835_8654202691615981568_o-1-768x576.jpg 768w, http:\/\/www.csgrandvire.fr\/wp-content\/uploads\/2020\/07\/83930262_1097123343970835_8654202691615981568_o-1-1536x1152.jpg 1536w, http:\/\/www.csgrandvire.fr\/wp-content\/uploads\/2020\/07\/83930262_1097123343970835_8654202691615981568_o-1-678x509.jpg 678w, http:\/\/www.csgrandvire.fr\/wp-content\/uploads\/2020\/07\/83930262_1097123343970835_8654202691615981568_o-1-326x245.jpg 326w, http:\/\/www.csgrandvire.fr\/wp-content\/uploads\/2020\/07\/83930262_1097123343970835_8654202691615981568_o-1-80x60.jpg 80w, http:\/\/www.csgrandvire.fr\/wp-content\/uploads\/2020\/07\/83930262_1097123343970835_8654202691615981568_o-1.jpg 2048w\" sizes=\"auto, (max-width: 340px) 100vw, 340px\" \/><\/figure><\/div>\n\n\n\n<p>Le p\u00f4le adultes\/familles soutient les initiatives des habitants et les associations. Il propose des activit\u00e9s socioculturelles, des sorties familiales, des \u00e9v\u00e9nements et cr\u00e9e une dynamique de projets avec les diff\u00e9rents publics et les partenaires. Il s\u2019inscrit dans des actions qui soutiennent la parentalit\u00e9, d\u00e9veloppent la solidarit\u00e9, la participation, le lien social et l\u2019\u00e9co-citoyennet\u00e9.<\/p>\n","protected":false},"excerpt":{"rendered":"<div class=\"mh-excerpt\"><p>Le p\u00f4le adultes\/familles soutient les initiatives des habitants et les associations. Il propose des activit\u00e9s socioculturelles, des sorties familiales, des \u00e9v\u00e9nements et cr\u00e9e une dynamique <a class=\"mh-excerpt-more\" href=\"http:\/\/www.csgrandvire.fr\/index.php\/activites\/\" title=\"Adultes et Familles\">[&#8230;]<\/a><\/p>\n<\/div>","protected":false},"author":1,"featured_media":0,"parent":0,"menu_order":0,"comment_status":"closed","ping_status":"closed","template":"","meta":{"sfsi_plus_gutenberg_text_before_share":"","sfsi_plus_gutenberg_show_text_before_share":"","sfsi_plus_gutenberg_icon_type":"","sfsi_plus_gutenberg_icon_alignemt":"","sfsi_plus_gutenburg_max_per_row":"","_exactmetrics_skip_tracking":false,"_exactmetrics_sitenote_active":false,"_exactmetrics_sitenote_note":"","_exactmetrics_sitenote_category":0,"footnotes":""},"class_list":["post-193","page","type-page","status-publish","hentry"],"_links":{"self":[{"href":"http:\/\/www.csgrandvire.fr\/index.php\/wp-json\/wp\/v2\/pages\/193","targetHints":{"allow":["GET"]}}],"collection":[{"href":"http:\/\/www.csgrandvire.fr\/index.php\/wp-json\/wp\/v2\/pages"}],"about":[{"href":"http:\/\/www.csgrandvire.fr\/index.php\/wp-json\/wp\/v2\/types\/page"}],"author":[{"embeddable":true,"href":"http:\/\/www.csgrandvire.fr\/index.php\/wp-json\/wp\/v2\/users\/1"}],"replies":[{"embeddable":true,"href":"http:\/\/www.csgrandvire.fr\/index.php\/wp-json\/wp\/v2\/comments?post=193"}],"version-history":[{"count":13,"href":"http:\/\/www.csgrandvire.fr\/index.php\/wp-json\/wp\/v2\/pages\/193\/revisions"}],"predecessor-version":[{"id":1634,"href":"http:\/\/www.csgrandvire.fr\/index.php\/wp-json\/wp\/v2\/pages\/193\/revisions\/1634"}],"wp:attachment":[{"href":"http:\/\/www.csgrandvire.fr\/index.php\/wp-json\/wp\/v2\/media?parent=193"}],"curies":[{"name":"wp","href":"https:\/\/api.w.org\/{rel}","templated":true}]}}