{"id":17,"date":"2019-05-20T22:06:26","date_gmt":"2019-05-20T20:06:26","guid":{"rendered":"http:\/\/csgrandvire.fr\/wordpress\/?page_id=17"},"modified":"2022-03-11T11:01:27","modified_gmt":"2022-03-11T10:01:27","slug":"contactez-nous","status":"publish","type":"page","link":"http:\/\/www.csgrandvire.fr\/index.php\/contactez-nous\/","title":{"rendered":"Contactez-nous"},"content":{"rendered":"\n<div class=\"wpcf7 no-js\" id=\"wpcf7-f316-o1\" lang=\"fr-FR\" dir=\"ltr\" data-wpcf7-id=\"316\">\n<div class=\"screen-reader-response\"><p role=\"status\" aria-live=\"polite\" aria-atomic=\"true\"><\/p> <ul><\/ul><\/div>\n<form action=\"\/index.php\/wp-json\/wp\/v2\/pages\/17#wpcf7-f316-o1\" method=\"post\" class=\"wpcf7-form init\" aria-label=\"Formulaire de contact\" novalidate=\"novalidate\" data-status=\"init\">\n<fieldset class=\"hidden-fields-container\"><input type=\"hidden\" name=\"_wpcf7\" value=\"316\" \/><input type=\"hidden\" name=\"_wpcf7_version\" value=\"6.1.5\" \/><input type=\"hidden\" name=\"_wpcf7_locale\" value=\"fr_FR\" \/><input type=\"hidden\" name=\"_wpcf7_unit_tag\" value=\"wpcf7-f316-o1\" \/><input type=\"hidden\" name=\"_wpcf7_container_post\" value=\"0\" \/><input type=\"hidden\" name=\"_wpcf7_posted_data_hash\" value=\"\" \/><input type=\"hidden\" name=\"_wpcf7_recaptcha_response\" value=\"\" \/>\n<\/fieldset>\n<p><label> Votre nom (obligatoire)<br \/>\n<span class=\"wpcf7-form-control-wrap\" data-name=\"your-name\"><input size=\"40\" maxlength=\"400\" class=\"wpcf7-form-control wpcf7-text wpcf7-validates-as-required\" aria-required=\"true\" aria-invalid=\"false\" value=\"\" type=\"text\" name=\"your-name\" \/><\/span> <\/label>\n<\/p>\n<p><label> Votre adresse de messagerie (obligatoire)<br \/>\n<span class=\"wpcf7-form-control-wrap\" data-name=\"your-email\"><input size=\"40\" maxlength=\"400\" class=\"wpcf7-form-control wpcf7-email wpcf7-validates-as-required wpcf7-text wpcf7-validates-as-email\" aria-required=\"true\" aria-invalid=\"false\" value=\"\" type=\"email\" name=\"your-email\" \/><\/span> <\/label>\n<\/p>\n<p><label> Objet<br \/>\n<span class=\"wpcf7-form-control-wrap\" data-name=\"your-subject\"><input size=\"40\" maxlength=\"400\" class=\"wpcf7-form-control wpcf7-text\" aria-invalid=\"false\" value=\"\" type=\"text\" name=\"your-subject\" \/><\/span> <\/label>\n<\/p>\n<p><label> Votre message<br \/>\n<span class=\"wpcf7-form-control-wrap\" data-name=\"your-message\"><textarea cols=\"40\" rows=\"10\" maxlength=\"2000\" class=\"wpcf7-form-control wpcf7-textarea\" aria-invalid=\"false\" name=\"your-message\"><\/textarea><\/span> <\/label>\n<\/p>\n<p><input class=\"wpcf7-form-control wpcf7-submit has-spinner\" type=\"submit\" value=\"Envoyer\" \/>\n<\/p><div class=\"wpcf7-response-output\" aria-hidden=\"true\"><\/div>\n<\/form>\n<\/div>\n\n\n\n<div class=\"ptext\">\n<p><img loading=\"lazy\" decoding=\"async\" class=\" wp-image-2396 aligncenter\" src=\"http:\/\/www.csgrandvire.fr\/wp-content\/uploads\/2022\/03\/HORAIRES-OUVERTURE-212x300.jpg\" alt=\"\" width=\"386\" height=\"547\" srcset=\"http:\/\/www.csgrandvire.fr\/wp-content\/uploads\/2022\/03\/HORAIRES-OUVERTURE-212x300.jpg 212w, http:\/\/www.csgrandvire.fr\/wp-content\/uploads\/2022\/03\/HORAIRES-OUVERTURE-724x1024.jpg 724w, http:\/\/www.csgrandvire.fr\/wp-content\/uploads\/2022\/03\/HORAIRES-OUVERTURE-768x1086.jpg 768w, http:\/\/www.csgrandvire.fr\/wp-content\/uploads\/2022\/03\/HORAIRES-OUVERTURE-1086x1536.jpg 1086w, http:\/\/www.csgrandvire.fr\/wp-content\/uploads\/2022\/03\/HORAIRES-OUVERTURE-1448x2048.jpg 1448w, http:\/\/www.csgrandvire.fr\/wp-content\/uploads\/2022\/03\/HORAIRES-OUVERTURE.jpg 1587w\" sizes=\"auto, (max-width: 386px) 100vw, 386px\" \/><\/p>\n<p><strong>T\u00e9l :<\/strong>\u00a004.78.80.73.93.<br \/><strong>Mail :<\/strong> contact@csgrandvire.fr<br \/><a href=\"https:\/\/www.facebook.com\/grandvire\/\"><img loading=\"lazy\" decoding=\"async\" class=\"alignnone size-medium wp-image-18\" src=\"http:\/\/csgrandvire.fr\/wordpress\/wp-content\/uploads\/2019\/05\/Suivez-nous-sur-FB-300x96.png\" alt=\"Suivez-nous-sur-FB\" width=\"300\" height=\"96\" srcset=\"http:\/\/www.csgrandvire.fr\/wp-content\/uploads\/2019\/05\/Suivez-nous-sur-FB-300x96.png 300w, http:\/\/www.csgrandvire.fr\/wp-content\/uploads\/2019\/05\/Suivez-nous-sur-FB.png 494w\" sizes=\"auto, (max-width: 300px) 100vw, 300px\" \/><\/a><br \/><strong><br \/>O\u00f9 nous trouver ?<\/strong><br \/>CENTRE SOCIAL LE GRAND VIRE<br \/>23 rue Jules Romains<br \/>69120 Vaulx\u00a0en\u00a0Velin<\/p>\n<p>Le centre social est situ\u00e9 en face du parking de l&rsquo;h\u00f4tel de ville de Vaulx en Velin, entre le poste de police municipale et le CMP.<\/p>\n<p>Le Centre Social le Grand Vire est accessible aux personnes \u00e0 mobilit\u00e9 r\u00e9duite<\/p>\n<p><strong>Acc\u00e8s en TCL :<\/strong>\u00a0C3 &#8211;\u00a0C8 &#8211; 57 &#8211; 52\u00a0\u00a0Arr\u00eat\u00a0h\u00f4tel de ville campus \/ C3 &#8211; 52 Arr\u00eat Grand Vire<\/p>\n<\/div>\n\n\n<iframe loading=\"lazy\" src=\"https:\/\/www.google.com\/maps\/embed?pb=!1m18!1m12!1m3!1d2782.6428868519656!2d4.917152114857321!3d45.77834667910595!2m3!1f0!2f0!3f0!3m2!1i1024!2i768!4f13.1!3m3!1m2!1s0x47f4c05eca2dd669%3A0x14cd57437d427a0b!2sCentre+Social+Le+Grand+Vire!5e0!3m2!1sfr!2sfr!4v1565115785824!5m2!1sfr!2sfr\" width=\"600\" height=\"450\" frameborder=\"0\" style=\"border:0\" allowfullscreen=\"\"><\/iframe>\n","protected":false},"excerpt":{"rendered":"<div class=\"mh-excerpt\"><p>T\u00e9l :\u00a004.78.80.73.93.Mail : contact@csgrandvire.frO\u00f9 nous trouver ?CENTRE SOCIAL LE GRAND VIRE23 rue Jules Romains69120 Vaulx\u00a0en\u00a0Velin Le centre social est situ\u00e9 en face du parking de <a class=\"mh-excerpt-more\" href=\"http:\/\/www.csgrandvire.fr\/index.php\/contactez-nous\/\" title=\"Contactez-nous\">[&#8230;]<\/a><\/p>\n<\/div>","protected":false},"author":1,"featured_media":19,"parent":0,"menu_order":0,"comment_status":"closed","ping_status":"closed","template":"","meta":{"sfsi_plus_gutenberg_text_before_share":"","sfsi_plus_gutenberg_show_text_before_share":"","sfsi_plus_gutenberg_icon_type":"","sfsi_plus_gutenberg_icon_alignemt":"","sfsi_plus_gutenburg_max_per_row":"","_exactmetrics_skip_tracking":false,"_exactmetrics_sitenote_active":false,"_exactmetrics_sitenote_note":"","_exactmetrics_sitenote_category":0,"footnotes":""},"class_list":["post-17","page","type-page","status-publish","has-post-thumbnail","hentry"],"_links":{"self":[{"href":"http:\/\/www.csgrandvire.fr\/index.php\/wp-json\/wp\/v2\/pages\/17","targetHints":{"allow":["GET"]}}],"collection":[{"href":"http:\/\/www.csgrandvire.fr\/index.php\/wp-json\/wp\/v2\/pages"}],"about":[{"href":"http:\/\/www.csgrandvire.fr\/index.php\/wp-json\/wp\/v2\/types\/page"}],"author":[{"embeddable":true,"href":"http:\/\/www.csgrandvire.fr\/index.php\/wp-json\/wp\/v2\/users\/1"}],"replies":[{"embeddable":true,"href":"http:\/\/www.csgrandvire.fr\/index.php\/wp-json\/wp\/v2\/comments?post=17"}],"version-history":[{"count":9,"href":"http:\/\/www.csgrandvire.fr\/index.php\/wp-json\/wp\/v2\/pages\/17\/revisions"}],"predecessor-version":[{"id":2398,"href":"http:\/\/www.csgrandvire.fr\/index.php\/wp-json\/wp\/v2\/pages\/17\/revisions\/2398"}],"wp:featuredmedia":[{"embeddable":true,"href":"http:\/\/www.csgrandvire.fr\/index.php\/wp-json\/wp\/v2\/media\/19"}],"wp:attachment":[{"href":"http:\/\/www.csgrandvire.fr\/index.php\/wp-json\/wp\/v2\/media?parent=17"}],"curies":[{"name":"wp","href":"https:\/\/api.w.org\/{rel}","templated":true}]}}