{"id":1597,"date":"2020-07-29T15:54:30","date_gmt":"2020-07-29T13:54:30","guid":{"rendered":"http:\/\/csgrandvire.fr\/?page_id=1597"},"modified":"2020-07-29T16:33:53","modified_gmt":"2020-07-29T14:33:53","slug":"autour-dun-cafe","status":"publish","type":"page","link":"http:\/\/www.csgrandvire.fr\/index.php\/autour-dun-cafe\/","title":{"rendered":"Autour d&rsquo;un caf\u00e9"},"content":{"rendered":"\n<figure class=\"wp-block-image size-large is-resized\"><img loading=\"lazy\" decoding=\"async\" src=\"http:\/\/csgrandvire.fr\/wp-content\/uploads\/2020\/07\/PFP-1024x892.png\" alt=\"\" class=\"wp-image-1598\" width=\"158\" height=\"138\" srcset=\"http:\/\/www.csgrandvire.fr\/wp-content\/uploads\/2020\/07\/PFP-1024x892.png 1024w, http:\/\/www.csgrandvire.fr\/wp-content\/uploads\/2020\/07\/PFP-300x261.png 300w, http:\/\/www.csgrandvire.fr\/wp-content\/uploads\/2020\/07\/PFP-768x669.png 768w, http:\/\/www.csgrandvire.fr\/wp-content\/uploads\/2020\/07\/PFP.png 1509w\" sizes=\"auto, (max-width: 158px) 100vw, 158px\" \/><\/figure>\n\n\n\n<p>Tous les mardis apr\u00e8s-midi (hors vacances scolaires), en partenariat avec l\u2019association \u00ab&nbsp;les Petits Fr\u00e8res des Pauvres&nbsp;\u00bb, nous proposons pour les s\u00e9niors un moment convivial autour d\u2019un caf\u00e9. Au programme : jeux de soci\u00e9t\u00e9, \u00e9change-d\u00e9bat\u2026<\/p>\n","protected":false},"excerpt":{"rendered":"<div class=\"mh-excerpt\"><p>Tous les mardis apr\u00e8s-midi (hors vacances scolaires), en partenariat avec l\u2019association \u00ab&nbsp;les Petits Fr\u00e8res des Pauvres&nbsp;\u00bb, nous proposons pour les s\u00e9niors un moment convivial autour <a class=\"mh-excerpt-more\" href=\"http:\/\/www.csgrandvire.fr\/index.php\/autour-dun-cafe\/\" title=\"Autour d&rsquo;un caf\u00e9\">[&#8230;]<\/a><\/p>\n<\/div>","protected":false},"author":1,"featured_media":0,"parent":0,"menu_order":0,"comment_status":"closed","ping_status":"closed","template":"","meta":{"sfsi_plus_gutenberg_text_before_share":"","sfsi_plus_gutenberg_show_text_before_share":"","sfsi_plus_gutenberg_icon_type":"","sfsi_plus_gutenberg_icon_alignemt":"","sfsi_plus_gutenburg_max_per_row":"","_exactmetrics_skip_tracking":false,"_exactmetrics_sitenote_active":false,"_exactmetrics_sitenote_note":"","_exactmetrics_sitenote_category":0,"footnotes":""},"class_list":["post-1597","page","type-page","status-publish","hentry"],"_links":{"self":[{"href":"http:\/\/www.csgrandvire.fr\/index.php\/wp-json\/wp\/v2\/pages\/1597","targetHints":{"allow":["GET"]}}],"collection":[{"href":"http:\/\/www.csgrandvire.fr\/index.php\/wp-json\/wp\/v2\/pages"}],"about":[{"href":"http:\/\/www.csgrandvire.fr\/index.php\/wp-json\/wp\/v2\/types\/page"}],"author":[{"embeddable":true,"href":"http:\/\/www.csgrandvire.fr\/index.php\/wp-json\/wp\/v2\/users\/1"}],"replies":[{"embeddable":true,"href":"http:\/\/www.csgrandvire.fr\/index.php\/wp-json\/wp\/v2\/comments?post=1597"}],"version-history":[{"count":2,"href":"http:\/\/www.csgrandvire.fr\/index.php\/wp-json\/wp\/v2\/pages\/1597\/revisions"}],"predecessor-version":[{"id":1617,"href":"http:\/\/www.csgrandvire.fr\/index.php\/wp-json\/wp\/v2\/pages\/1597\/revisions\/1617"}],"wp:attachment":[{"href":"http:\/\/www.csgrandvire.fr\/index.php\/wp-json\/wp\/v2\/media?parent=1597"}],"curies":[{"name":"wp","href":"https:\/\/api.w.org\/{rel}","templated":true}]}}