{"id":1480,"date":"2020-07-01T17:38:00","date_gmt":"2020-07-01T15:38:00","guid":{"rendered":"http:\/\/csgrandvire.fr\/?page_id=1480"},"modified":"2023-04-18T15:38:59","modified_gmt":"2023-04-18T13:38:59","slug":"apres-la-classe-en-famille","status":"publish","type":"page","link":"http:\/\/www.csgrandvire.fr\/index.php\/apres-la-classe-en-famille\/","title":{"rendered":"Apr\u00e8s la classe en famille"},"content":{"rendered":"\n<p>Apr\u00e8s la classe, il n\u2019est pas toujours simple pour les parents de s\u2019am\u00e9nager un moment au calme avec son ou ses enfant(s) permettant de faire le point sur les apprentissages. Le p\u00f4le Adultes\/Familles vous propose un espace \u00e0 destination des parents et de leurs enfants d\u00e9di\u00e9 aux devoirs et \u00e0 la d\u00e9couverte du livre et de la litt\u00e9rature pour les plus jeunes<\/p>\n\n\n\n<p>Ce projet \u00e0 \u00e9galement pour vocation de faire se rencontrer les familles et d&rsquo;offrir des espaces d&rsquo;\u00e9changes autour de l&rsquo;\u00e9ducation.<\/p>\n\n\n\n<p>Pour plus de renseignements&nbsp;<a href=\"http:\/\/csgrandvire.fr\/index.php\/contactez-nous\/\">nous contacter<\/a><\/p>\n\n\n\n<figure class=\"wp-block-gallery has-nested-images columns-default is-cropped wp-block-gallery-1 is-layout-flex wp-block-gallery-is-layout-flex\"><\/figure>\n","protected":false},"excerpt":{"rendered":"<div class=\"mh-excerpt\"><p>Apr\u00e8s la classe, il n\u2019est pas toujours simple pour les parents de s\u2019am\u00e9nager un moment au calme avec son ou ses enfant(s) permettant de faire <a class=\"mh-excerpt-more\" href=\"http:\/\/www.csgrandvire.fr\/index.php\/apres-la-classe-en-famille\/\" title=\"Apr\u00e8s la classe en famille\">[&#8230;]<\/a><\/p>\n<\/div>","protected":false},"author":1,"featured_media":1478,"parent":0,"menu_order":0,"comment_status":"closed","ping_status":"closed","template":"","meta":{"sfsi_plus_gutenberg_text_before_share":"","sfsi_plus_gutenberg_show_text_before_share":"","sfsi_plus_gutenberg_icon_type":"","sfsi_plus_gutenberg_icon_alignemt":"","sfsi_plus_gutenburg_max_per_row":"","_exactmetrics_skip_tracking":false,"_exactmetrics_sitenote_active":false,"_exactmetrics_sitenote_note":"","_exactmetrics_sitenote_category":0,"footnotes":""},"class_list":["post-1480","page","type-page","status-publish","has-post-thumbnail","hentry"],"_links":{"self":[{"href":"http:\/\/www.csgrandvire.fr\/index.php\/wp-json\/wp\/v2\/pages\/1480","targetHints":{"allow":["GET"]}}],"collection":[{"href":"http:\/\/www.csgrandvire.fr\/index.php\/wp-json\/wp\/v2\/pages"}],"about":[{"href":"http:\/\/www.csgrandvire.fr\/index.php\/wp-json\/wp\/v2\/types\/page"}],"author":[{"embeddable":true,"href":"http:\/\/www.csgrandvire.fr\/index.php\/wp-json\/wp\/v2\/users\/1"}],"replies":[{"embeddable":true,"href":"http:\/\/www.csgrandvire.fr\/index.php\/wp-json\/wp\/v2\/comments?post=1480"}],"version-history":[{"count":7,"href":"http:\/\/www.csgrandvire.fr\/index.php\/wp-json\/wp\/v2\/pages\/1480\/revisions"}],"predecessor-version":[{"id":2700,"href":"http:\/\/www.csgrandvire.fr\/index.php\/wp-json\/wp\/v2\/pages\/1480\/revisions\/2700"}],"wp:featuredmedia":[{"embeddable":true,"href":"http:\/\/www.csgrandvire.fr\/index.php\/wp-json\/wp\/v2\/media\/1478"}],"wp:attachment":[{"href":"http:\/\/www.csgrandvire.fr\/index.php\/wp-json\/wp\/v2\/media?parent=1480"}],"curies":[{"name":"wp","href":"https:\/\/api.w.org\/{rel}","templated":true}]}}